{"id":16522,"date":"2025-10-28T14:22:31","date_gmt":"2025-10-28T14:22:31","guid":{"rendered":"https:\/\/www.claudel.org\/?post_type=product&#038;p=16522"},"modified":"2025-10-28T14:39:29","modified_gmt":"2025-10-28T14:39:29","slug":"huskiess-merch","status":"publish","type":"product","link":"https:\/\/www.claudel.org\/en\/produit\/huskiess-merch\/","title":{"rendered":"Huskies&#8217;s merch"},"content":{"rendered":"","protected":false},"excerpt":{"rendered":"<p><img loading=\"lazy\" decoding=\"async\" class=\"size-medium wp-image-16528 alignright\" src=\"https:\/\/www.claudel.org\/wp-content\/uploads\/2025\/10\/logo-huskies-194x300.jpg\" alt=\"\" width=\"194\" height=\"300\" srcset=\"https:\/\/www.claudel.org\/wp-content\/uploads\/2025\/10\/logo-huskies-194x300.jpg 194w, https:\/\/www.claudel.org\/wp-content\/uploads\/2025\/10\/logo-huskies-662x1024.jpg 662w, https:\/\/www.claudel.org\/wp-content\/uploads\/2025\/10\/logo-huskies-768x1188.jpg 768w, https:\/\/www.claudel.org\/wp-content\/uploads\/2025\/10\/logo-huskies-600x928.jpg 600w, https:\/\/www.claudel.org\/wp-content\/uploads\/2025\/10\/logo-huskies.jpg 875w\" sizes=\"auto, (max-width: 194px) 100vw, 194px\" \/>Our new online store offering official Lyc\u00e9e Claudel merchandise, including hockey, soccer, and basketball team T-shirts, is available on our partner Houle Sport&#8217;s website.<\/p>\n<p>Please consult the size chart to ensure you order the right size!<\/p>\n<p>Thank you for sharing the pride and energy of the Huskies spirit: <span style=\"color: #ff0000;\"><strong><a style=\"color: #ff0000;\" href=\"https:\/\/houlesports.ca\/collections\/lycee-claudel?page=1\" target=\"_blank\" rel=\"noopener\">HUSKIES STORE<\/a>.<\/strong><\/span><\/p>\n<p>&nbsp;<\/p>\n","protected":false},"featured_media":16524,"comment_status":"closed","ping_status":"closed","template":"","meta":{"_acf_changed":false},"product_brand":[],"product_cat":[127],"product_tag":[],"class_list":{"0":"post-16522","1":"product","2":"type-product","3":"status-publish","4":"has-post-thumbnail","6":"product_cat-huskies","8":"first","9":"instock","10":"shipping-taxable","11":"product-type-simple"},"acf":[],"yoast_head":"<!-- This site is optimized with the Yoast SEO plugin v27.3 - https:\/\/yoast.com\/product\/yoast-seo-wordpress\/ -->\n<title>Huskies&#039;s merch &#8211; Lyc\u00e9e Claudel | L&#039;\u00e9cole fran\u00e7aise internationale d&#039;Ottawa<\/title>\n<meta name=\"robots\" content=\"noindex, follow\" \/>\n<meta property=\"og:locale\" content=\"en_US\" \/>\n<meta property=\"og:type\" content=\"article\" \/>\n<meta property=\"og:title\" content=\"Huskies&#039;s merch &#8211; Lyc\u00e9e Claudel | L&#039;\u00e9cole fran\u00e7aise internationale d&#039;Ottawa\" \/>\n<meta property=\"og:description\" content=\"Our new online store offering official Lyc\u00e9e Claudel merchandise, including hockey, soccer, and basketball team T-shirts, is available on our partner Houle Sport&#039;s website.  Please consult the size chart to ensure you order the right size!  Thank you for sharing the pride and energy of the Huskies spirit: HUSKIES STORE.  &nbsp;\" \/>\n<meta property=\"og:url\" content=\"https:\/\/www.claudel.org\/en\/produit\/huskiess-merch\/\" \/>\n<meta property=\"og:site_name\" content=\"Lyc\u00e9e Claudel | L&#039;\u00e9cole fran\u00e7aise internationale d&#039;Ottawa\" \/>\n<meta property=\"article:publisher\" content=\"https:\/\/www.facebook.com\/lycee.claudelottawa\" \/>\n<meta property=\"article:modified_time\" content=\"2025-10-28T14:39:29+00:00\" \/>\n<meta property=\"og:image\" content=\"https:\/\/www.claudel.org\/wp-content\/uploads\/2025\/10\/1.png\" \/>\n\t<meta property=\"og:image:width\" content=\"1080\" \/>\n\t<meta property=\"og:image:height\" content=\"1350\" \/>\n\t<meta property=\"og:image:type\" content=\"image\/png\" \/>\n<meta name=\"twitter:card\" content=\"summary_large_image\" \/>\n<meta name=\"twitter:site\" content=\"@lyceeclaudel\" \/>\n<meta name=\"twitter:label1\" content=\"Est. reading time\" \/>\n\t<meta name=\"twitter:data1\" content=\"1 minute\" \/>\n<script type=\"application\/ld+json\" class=\"yoast-schema-graph\">{\"@context\":\"https:\\\/\\\/schema.org\",\"@graph\":[{\"@type\":\"WebPage\",\"@id\":\"https:\\\/\\\/www.claudel.org\\\/en\\\/produit\\\/huskiess-merch\\\/\",\"url\":\"https:\\\/\\\/www.claudel.org\\\/en\\\/produit\\\/huskiess-merch\\\/\",\"name\":\"Huskies's merch &#8211; Lyc\u00e9e Claudel | L&#039;\u00e9cole fran\u00e7aise internationale d&#039;Ottawa\",\"isPartOf\":{\"@id\":\"https:\\\/\\\/www.claudel.org\\\/en\\\/#website\"},\"primaryImageOfPage\":{\"@id\":\"https:\\\/\\\/www.claudel.org\\\/en\\\/produit\\\/huskiess-merch\\\/#primaryimage\"},\"image\":{\"@id\":\"https:\\\/\\\/www.claudel.org\\\/en\\\/produit\\\/huskiess-merch\\\/#primaryimage\"},\"thumbnailUrl\":\"https:\\\/\\\/www.claudel.org\\\/wp-content\\\/uploads\\\/2025\\\/10\\\/1.png\",\"datePublished\":\"2025-10-28T14:22:31+00:00\",\"dateModified\":\"2025-10-28T14:39:29+00:00\",\"breadcrumb\":{\"@id\":\"https:\\\/\\\/www.claudel.org\\\/en\\\/produit\\\/huskiess-merch\\\/#breadcrumb\"},\"inLanguage\":\"en-US\",\"potentialAction\":[{\"@type\":\"ReadAction\",\"target\":[\"https:\\\/\\\/www.claudel.org\\\/en\\\/produit\\\/huskiess-merch\\\/\"]}]},{\"@type\":\"ImageObject\",\"inLanguage\":\"en-US\",\"@id\":\"https:\\\/\\\/www.claudel.org\\\/en\\\/produit\\\/huskiess-merch\\\/#primaryimage\",\"url\":\"https:\\\/\\\/www.claudel.org\\\/wp-content\\\/uploads\\\/2025\\\/10\\\/1.png\",\"contentUrl\":\"https:\\\/\\\/www.claudel.org\\\/wp-content\\\/uploads\\\/2025\\\/10\\\/1.png\",\"width\":1080,\"height\":1350},{\"@type\":\"BreadcrumbList\",\"@id\":\"https:\\\/\\\/www.claudel.org\\\/en\\\/produit\\\/huskiess-merch\\\/#breadcrumb\",\"itemListElement\":[{\"@type\":\"ListItem\",\"position\":1,\"name\":\"Home\",\"item\":\"https:\\\/\\\/www.claudel.org\\\/en\\\/\"},{\"@type\":\"ListItem\",\"position\":2,\"name\":\"Boutique\",\"item\":\"https:\\\/\\\/www.claudel.org\\\/boutique\\\/\"},{\"@type\":\"ListItem\",\"position\":3,\"name\":\"Huskies&rsquo;s merch\"}]},{\"@type\":\"WebSite\",\"@id\":\"https:\\\/\\\/www.claudel.org\\\/en\\\/#website\",\"url\":\"https:\\\/\\\/www.claudel.org\\\/en\\\/\",\"name\":\"Lyc\u00e9e Claudel | L'\u00e9cole fran\u00e7aise internationale d'Ottawa\",\"description\":\"L&#039;\u00e9cole fran\u00e7aise internationale d&#039;Ottawa\",\"publisher\":{\"@id\":\"https:\\\/\\\/www.claudel.org\\\/en\\\/#organization\"},\"potentialAction\":[{\"@type\":\"SearchAction\",\"target\":{\"@type\":\"EntryPoint\",\"urlTemplate\":\"https:\\\/\\\/www.claudel.org\\\/en\\\/?s={search_term_string}\"},\"query-input\":{\"@type\":\"PropertyValueSpecification\",\"valueRequired\":true,\"valueName\":\"search_term_string\"}}],\"inLanguage\":\"en-US\"},{\"@type\":\"Organization\",\"@id\":\"https:\\\/\\\/www.claudel.org\\\/en\\\/#organization\",\"name\":\"Lyc\u00e9e Claudel d'Ottawa\",\"url\":\"https:\\\/\\\/www.claudel.org\\\/en\\\/\",\"logo\":{\"@type\":\"ImageObject\",\"inLanguage\":\"en-US\",\"@id\":\"https:\\\/\\\/www.claudel.org\\\/en\\\/#\\\/schema\\\/logo\\\/image\\\/\",\"url\":\"https:\\\/\\\/www.claudel.org\\\/wp-content\\\/uploads\\\/2020\\\/11\\\/Logo_LC_Label_Couleur.png\",\"contentUrl\":\"https:\\\/\\\/www.claudel.org\\\/wp-content\\\/uploads\\\/2020\\\/11\\\/Logo_LC_Label_Couleur.png\",\"width\":1830,\"height\":770,\"caption\":\"Lyc\u00e9e Claudel d'Ottawa\"},\"image\":{\"@id\":\"https:\\\/\\\/www.claudel.org\\\/en\\\/#\\\/schema\\\/logo\\\/image\\\/\"},\"sameAs\":[\"https:\\\/\\\/www.facebook.com\\\/lycee.claudelottawa\",\"https:\\\/\\\/x.com\\\/lyceeclaudel\",\"https:\\\/\\\/www.linkedin.com\\\/school\\\/lyc\u00e9e-claudel-d'ottawa\",\"https:\\\/\\\/vimeo.com\\\/lyceeclaudel\"]}]}<\/script>\n<!-- \/ Yoast SEO plugin. -->","yoast_head_json":{"title":"Huskies's merch &#8211; Lyc\u00e9e Claudel | L&#039;\u00e9cole fran\u00e7aise internationale d&#039;Ottawa","robots":{"index":"noindex","follow":"follow"},"og_locale":"en_US","og_type":"article","og_title":"Huskies's merch &#8211; Lyc\u00e9e Claudel | L&#039;\u00e9cole fran\u00e7aise internationale d&#039;Ottawa","og_description":"Our new online store offering official Lyc\u00e9e Claudel merchandise, including hockey, soccer, and basketball team T-shirts, is available on our partner Houle Sport's website.  Please consult the size chart to ensure you order the right size!  Thank you for sharing the pride and energy of the Huskies spirit: HUSKIES STORE.  &nbsp;","og_url":"https:\/\/www.claudel.org\/en\/produit\/huskiess-merch\/","og_site_name":"Lyc\u00e9e Claudel | L&#039;\u00e9cole fran\u00e7aise internationale d&#039;Ottawa","article_publisher":"https:\/\/www.facebook.com\/lycee.claudelottawa","article_modified_time":"2025-10-28T14:39:29+00:00","og_image":[{"width":1080,"height":1350,"url":"https:\/\/www.claudel.org\/wp-content\/uploads\/2025\/10\/1.png","type":"image\/png"}],"twitter_card":"summary_large_image","twitter_site":"@lyceeclaudel","twitter_misc":{"Est. reading time":"1 minute"},"schema":{"@context":"https:\/\/schema.org","@graph":[{"@type":"WebPage","@id":"https:\/\/www.claudel.org\/en\/produit\/huskiess-merch\/","url":"https:\/\/www.claudel.org\/en\/produit\/huskiess-merch\/","name":"Huskies's merch &#8211; Lyc\u00e9e Claudel | L&#039;\u00e9cole fran\u00e7aise internationale d&#039;Ottawa","isPartOf":{"@id":"https:\/\/www.claudel.org\/en\/#website"},"primaryImageOfPage":{"@id":"https:\/\/www.claudel.org\/en\/produit\/huskiess-merch\/#primaryimage"},"image":{"@id":"https:\/\/www.claudel.org\/en\/produit\/huskiess-merch\/#primaryimage"},"thumbnailUrl":"https:\/\/www.claudel.org\/wp-content\/uploads\/2025\/10\/1.png","datePublished":"2025-10-28T14:22:31+00:00","dateModified":"2025-10-28T14:39:29+00:00","breadcrumb":{"@id":"https:\/\/www.claudel.org\/en\/produit\/huskiess-merch\/#breadcrumb"},"inLanguage":"en-US","potentialAction":[{"@type":"ReadAction","target":["https:\/\/www.claudel.org\/en\/produit\/huskiess-merch\/"]}]},{"@type":"ImageObject","inLanguage":"en-US","@id":"https:\/\/www.claudel.org\/en\/produit\/huskiess-merch\/#primaryimage","url":"https:\/\/www.claudel.org\/wp-content\/uploads\/2025\/10\/1.png","contentUrl":"https:\/\/www.claudel.org\/wp-content\/uploads\/2025\/10\/1.png","width":1080,"height":1350},{"@type":"BreadcrumbList","@id":"https:\/\/www.claudel.org\/en\/produit\/huskiess-merch\/#breadcrumb","itemListElement":[{"@type":"ListItem","position":1,"name":"Home","item":"https:\/\/www.claudel.org\/en\/"},{"@type":"ListItem","position":2,"name":"Boutique","item":"https:\/\/www.claudel.org\/boutique\/"},{"@type":"ListItem","position":3,"name":"Huskies&rsquo;s merch"}]},{"@type":"WebSite","@id":"https:\/\/www.claudel.org\/en\/#website","url":"https:\/\/www.claudel.org\/en\/","name":"Lyc\u00e9e Claudel | L'\u00e9cole fran\u00e7aise internationale d'Ottawa","description":"L&#039;\u00e9cole fran\u00e7aise internationale d&#039;Ottawa","publisher":{"@id":"https:\/\/www.claudel.org\/en\/#organization"},"potentialAction":[{"@type":"SearchAction","target":{"@type":"EntryPoint","urlTemplate":"https:\/\/www.claudel.org\/en\/?s={search_term_string}"},"query-input":{"@type":"PropertyValueSpecification","valueRequired":true,"valueName":"search_term_string"}}],"inLanguage":"en-US"},{"@type":"Organization","@id":"https:\/\/www.claudel.org\/en\/#organization","name":"Lyc\u00e9e Claudel d'Ottawa","url":"https:\/\/www.claudel.org\/en\/","logo":{"@type":"ImageObject","inLanguage":"en-US","@id":"https:\/\/www.claudel.org\/en\/#\/schema\/logo\/image\/","url":"https:\/\/www.claudel.org\/wp-content\/uploads\/2020\/11\/Logo_LC_Label_Couleur.png","contentUrl":"https:\/\/www.claudel.org\/wp-content\/uploads\/2020\/11\/Logo_LC_Label_Couleur.png","width":1830,"height":770,"caption":"Lyc\u00e9e Claudel d'Ottawa"},"image":{"@id":"https:\/\/www.claudel.org\/en\/#\/schema\/logo\/image\/"},"sameAs":["https:\/\/www.facebook.com\/lycee.claudelottawa","https:\/\/x.com\/lyceeclaudel","https:\/\/www.linkedin.com\/school\/lyc\u00e9e-claudel-d'ottawa","https:\/\/vimeo.com\/lyceeclaudel"]}]}},"jetpack_sharing_enabled":true,"_links":{"self":[{"href":"https:\/\/www.claudel.org\/en\/wp-json\/wp\/v2\/product\/16522","targetHints":{"allow":["GET"]}}],"collection":[{"href":"https:\/\/www.claudel.org\/en\/wp-json\/wp\/v2\/product"}],"about":[{"href":"https:\/\/www.claudel.org\/en\/wp-json\/wp\/v2\/types\/product"}],"replies":[{"embeddable":true,"href":"https:\/\/www.claudel.org\/en\/wp-json\/wp\/v2\/comments?post=16522"}],"wp:featuredmedia":[{"embeddable":true,"href":"https:\/\/www.claudel.org\/en\/wp-json\/wp\/v2\/media\/16524"}],"wp:attachment":[{"href":"https:\/\/www.claudel.org\/en\/wp-json\/wp\/v2\/media?parent=16522"}],"wp:term":[{"taxonomy":"product_brand","embeddable":true,"href":"https:\/\/www.claudel.org\/en\/wp-json\/wp\/v2\/product_brand?post=16522"},{"taxonomy":"product_cat","embeddable":true,"href":"https:\/\/www.claudel.org\/en\/wp-json\/wp\/v2\/product_cat?post=16522"},{"taxonomy":"product_tag","embeddable":true,"href":"https:\/\/www.claudel.org\/en\/wp-json\/wp\/v2\/product_tag?post=16522"}],"curies":[{"name":"wp","href":"https:\/\/api.w.org\/{rel}","templated":true}]}}