{"id":8795,"date":"2020-10-09T14:33:36","date_gmt":"2020-10-09T14:33:51","guid":{"rendered":"https:\/\/www.claudel.org\/boutique\/"},"modified":"2024-07-10T14:29:15","modified_gmt":"2024-07-10T14:29:15","slug":"online-boutique","status":"publish","type":"page","link":"https:\/\/www.claudel.org\/en\/online-boutique\/","title":{"rendered":"Online boutique"},"content":{"rendered":"<h1>Encourage the promotion of 2021<\/h1>\n<p>&nbsp;<\/p>\n<p>This year, the sanitary context led us to rethink the functioning of the collections that traditionally allowed us to raise funds for the different committees. In order to avoid gatherings and the handling of cash, we have set up an online store where you can purchase all of Lyc\u00e9e Claudel&#8217;s promotional items while encouraging the 2021 graduating class. For each purchase, <strong>50% of the profits will be given directly to the committees<\/strong> so that they can mark the end of their high school career by organizing a ball (if the health authorities allow it) or by giving them a symbolic item that they can choose according to the amount raised.<\/p>\n<p>For organizational reasons, please note that we are not able to offer home delivery. All items must be collected directly at the reception desk with proof of purchase.<\/p>\n<p>&nbsp;<\/p>\n","protected":false},"excerpt":{"rendered":"<p>Encourage the promotion of 2021 &nbsp; This year, the sanitary context led us to rethink the functioning of the collections that traditionally allowed us to raise funds for the different committees. In order to avoid gatherings and the handling of cash, we have set up an online store where you can purchase all of Lyc\u00e9e &hellip; <\/p>\n","protected":false},"author":1,"featured_media":0,"parent":0,"menu_order":18,"comment_status":"closed","ping_status":"closed","template":"","meta":{"_acf_changed":false,"footnotes":""},"class_list":["post-8795","page","type-page","status-publish","hentry"],"acf":[],"yoast_head":"<!-- This site is optimized with the Yoast SEO plugin v27.4 - https:\/\/yoast.com\/product\/yoast-seo-wordpress\/ -->\n<title>Online boutique &#8211; Lyc\u00e9e Claudel | L&#039;\u00e9cole fran\u00e7aise internationale d&#039;Ottawa<\/title>\n<meta name=\"robots\" content=\"index, follow, max-snippet:-1, max-image-preview:large, max-video-preview:-1\" \/>\n<link rel=\"canonical\" href=\"https:\/\/www.claudel.org\/en\/online-boutique\/\" \/>\n<meta property=\"og:locale\" content=\"en_US\" \/>\n<meta property=\"og:type\" content=\"article\" \/>\n<meta property=\"og:title\" content=\"Online boutique &#8211; Lyc\u00e9e Claudel | L&#039;\u00e9cole fran\u00e7aise internationale d&#039;Ottawa\" \/>\n<meta property=\"og:description\" content=\"Encourage the promotion of 2021 &nbsp; This year, the sanitary context led us to rethink the functioning of the collections that traditionally allowed us to raise funds for the different committees. In order to avoid gatherings and the handling of cash, we have set up an online store where you can purchase all of Lyc\u00e9e &hellip;\" \/>\n<meta property=\"og:url\" content=\"https:\/\/www.claudel.org\/en\/online-boutique\/\" \/>\n<meta property=\"og:site_name\" content=\"Lyc\u00e9e Claudel | L&#039;\u00e9cole fran\u00e7aise internationale d&#039;Ottawa\" \/>\n<meta property=\"article:publisher\" content=\"https:\/\/www.facebook.com\/lycee.claudelottawa\" \/>\n<meta property=\"article:modified_time\" content=\"2024-07-10T14:29:15+00:00\" \/>\n<meta name=\"twitter:card\" content=\"summary_large_image\" \/>\n<meta name=\"twitter:site\" content=\"@lyceeclaudel\" \/>\n<meta name=\"twitter:label1\" content=\"Est. reading time\" \/>\n\t<meta name=\"twitter:data1\" content=\"1 minute\" \/>\n<script type=\"application\/ld+json\" class=\"yoast-schema-graph\">{\"@context\":\"https:\\\/\\\/schema.org\",\"@graph\":[{\"@type\":\"WebPage\",\"@id\":\"https:\\\/\\\/www.claudel.org\\\/en\\\/online-boutique\\\/\",\"url\":\"https:\\\/\\\/www.claudel.org\\\/en\\\/online-boutique\\\/\",\"name\":\"Online boutique &#8211; Lyc\u00e9e Claudel | L&#039;\u00e9cole fran\u00e7aise internationale d&#039;Ottawa\",\"isPartOf\":{\"@id\":\"https:\\\/\\\/www.claudel.org\\\/en\\\/#website\"},\"datePublished\":\"2020-10-09T14:33:51+00:00\",\"dateModified\":\"2024-07-10T14:29:15+00:00\",\"breadcrumb\":{\"@id\":\"https:\\\/\\\/www.claudel.org\\\/en\\\/online-boutique\\\/#breadcrumb\"},\"inLanguage\":\"en-US\",\"potentialAction\":[{\"@type\":\"ReadAction\",\"target\":[\"https:\\\/\\\/www.claudel.org\\\/en\\\/online-boutique\\\/\"]}]},{\"@type\":\"BreadcrumbList\",\"@id\":\"https:\\\/\\\/www.claudel.org\\\/en\\\/online-boutique\\\/#breadcrumb\",\"itemListElement\":[{\"@type\":\"ListItem\",\"position\":1,\"name\":\"Home\",\"item\":\"https:\\\/\\\/www.claudel.org\\\/en\\\/\"},{\"@type\":\"ListItem\",\"position\":2,\"name\":\"Online boutique\"}]},{\"@type\":\"WebSite\",\"@id\":\"https:\\\/\\\/www.claudel.org\\\/en\\\/#website\",\"url\":\"https:\\\/\\\/www.claudel.org\\\/en\\\/\",\"name\":\"Lyc\u00e9e Claudel | L'\u00e9cole fran\u00e7aise internationale d'Ottawa\",\"description\":\"L&#039;\u00e9cole fran\u00e7aise internationale d&#039;Ottawa\",\"publisher\":{\"@id\":\"https:\\\/\\\/www.claudel.org\\\/en\\\/#organization\"},\"potentialAction\":[{\"@type\":\"SearchAction\",\"target\":{\"@type\":\"EntryPoint\",\"urlTemplate\":\"https:\\\/\\\/www.claudel.org\\\/en\\\/?s={search_term_string}\"},\"query-input\":{\"@type\":\"PropertyValueSpecification\",\"valueRequired\":true,\"valueName\":\"search_term_string\"}}],\"inLanguage\":\"en-US\"},{\"@type\":\"Organization\",\"@id\":\"https:\\\/\\\/www.claudel.org\\\/en\\\/#organization\",\"name\":\"Lyc\u00e9e Claudel d'Ottawa\",\"url\":\"https:\\\/\\\/www.claudel.org\\\/en\\\/\",\"logo\":{\"@type\":\"ImageObject\",\"inLanguage\":\"en-US\",\"@id\":\"https:\\\/\\\/www.claudel.org\\\/en\\\/#\\\/schema\\\/logo\\\/image\\\/\",\"url\":\"https:\\\/\\\/www.claudel.org\\\/wp-content\\\/uploads\\\/2020\\\/11\\\/Logo_LC_Label_Couleur.png\",\"contentUrl\":\"https:\\\/\\\/www.claudel.org\\\/wp-content\\\/uploads\\\/2020\\\/11\\\/Logo_LC_Label_Couleur.png\",\"width\":1830,\"height\":770,\"caption\":\"Lyc\u00e9e Claudel d'Ottawa\"},\"image\":{\"@id\":\"https:\\\/\\\/www.claudel.org\\\/en\\\/#\\\/schema\\\/logo\\\/image\\\/\"},\"sameAs\":[\"https:\\\/\\\/www.facebook.com\\\/lycee.claudelottawa\",\"https:\\\/\\\/x.com\\\/lyceeclaudel\",\"https:\\\/\\\/www.linkedin.com\\\/school\\\/lyc\u00e9e-claudel-d'ottawa\",\"https:\\\/\\\/vimeo.com\\\/lyceeclaudel\"]}]}<\/script>\n<!-- \/ Yoast SEO plugin. -->","yoast_head_json":{"title":"Online boutique &#8211; Lyc\u00e9e Claudel | L&#039;\u00e9cole fran\u00e7aise internationale d&#039;Ottawa","robots":{"index":"index","follow":"follow","max-snippet":"max-snippet:-1","max-image-preview":"max-image-preview:large","max-video-preview":"max-video-preview:-1"},"canonical":"https:\/\/www.claudel.org\/en\/online-boutique\/","og_locale":"en_US","og_type":"article","og_title":"Online boutique &#8211; Lyc\u00e9e Claudel | L&#039;\u00e9cole fran\u00e7aise internationale d&#039;Ottawa","og_description":"Encourage the promotion of 2021 &nbsp; This year, the sanitary context led us to rethink the functioning of the collections that traditionally allowed us to raise funds for the different committees. In order to avoid gatherings and the handling of cash, we have set up an online store where you can purchase all of Lyc\u00e9e &hellip;","og_url":"https:\/\/www.claudel.org\/en\/online-boutique\/","og_site_name":"Lyc\u00e9e Claudel | L&#039;\u00e9cole fran\u00e7aise internationale d&#039;Ottawa","article_publisher":"https:\/\/www.facebook.com\/lycee.claudelottawa","article_modified_time":"2024-07-10T14:29:15+00:00","twitter_card":"summary_large_image","twitter_site":"@lyceeclaudel","twitter_misc":{"Est. reading time":"1 minute"},"schema":{"@context":"https:\/\/schema.org","@graph":[{"@type":"WebPage","@id":"https:\/\/www.claudel.org\/en\/online-boutique\/","url":"https:\/\/www.claudel.org\/en\/online-boutique\/","name":"Online boutique &#8211; Lyc\u00e9e Claudel | L&#039;\u00e9cole fran\u00e7aise internationale d&#039;Ottawa","isPartOf":{"@id":"https:\/\/www.claudel.org\/en\/#website"},"datePublished":"2020-10-09T14:33:51+00:00","dateModified":"2024-07-10T14:29:15+00:00","breadcrumb":{"@id":"https:\/\/www.claudel.org\/en\/online-boutique\/#breadcrumb"},"inLanguage":"en-US","potentialAction":[{"@type":"ReadAction","target":["https:\/\/www.claudel.org\/en\/online-boutique\/"]}]},{"@type":"BreadcrumbList","@id":"https:\/\/www.claudel.org\/en\/online-boutique\/#breadcrumb","itemListElement":[{"@type":"ListItem","position":1,"name":"Home","item":"https:\/\/www.claudel.org\/en\/"},{"@type":"ListItem","position":2,"name":"Online boutique"}]},{"@type":"WebSite","@id":"https:\/\/www.claudel.org\/en\/#website","url":"https:\/\/www.claudel.org\/en\/","name":"Lyc\u00e9e Claudel | L'\u00e9cole fran\u00e7aise internationale d'Ottawa","description":"L&#039;\u00e9cole fran\u00e7aise internationale d&#039;Ottawa","publisher":{"@id":"https:\/\/www.claudel.org\/en\/#organization"},"potentialAction":[{"@type":"SearchAction","target":{"@type":"EntryPoint","urlTemplate":"https:\/\/www.claudel.org\/en\/?s={search_term_string}"},"query-input":{"@type":"PropertyValueSpecification","valueRequired":true,"valueName":"search_term_string"}}],"inLanguage":"en-US"},{"@type":"Organization","@id":"https:\/\/www.claudel.org\/en\/#organization","name":"Lyc\u00e9e Claudel d'Ottawa","url":"https:\/\/www.claudel.org\/en\/","logo":{"@type":"ImageObject","inLanguage":"en-US","@id":"https:\/\/www.claudel.org\/en\/#\/schema\/logo\/image\/","url":"https:\/\/www.claudel.org\/wp-content\/uploads\/2020\/11\/Logo_LC_Label_Couleur.png","contentUrl":"https:\/\/www.claudel.org\/wp-content\/uploads\/2020\/11\/Logo_LC_Label_Couleur.png","width":1830,"height":770,"caption":"Lyc\u00e9e Claudel d'Ottawa"},"image":{"@id":"https:\/\/www.claudel.org\/en\/#\/schema\/logo\/image\/"},"sameAs":["https:\/\/www.facebook.com\/lycee.claudelottawa","https:\/\/x.com\/lyceeclaudel","https:\/\/www.linkedin.com\/school\/lyc\u00e9e-claudel-d'ottawa","https:\/\/vimeo.com\/lyceeclaudel"]}]}},"jetpack_sharing_enabled":true,"_links":{"self":[{"href":"https:\/\/www.claudel.org\/en\/wp-json\/wp\/v2\/pages\/8795","targetHints":{"allow":["GET"]}}],"collection":[{"href":"https:\/\/www.claudel.org\/en\/wp-json\/wp\/v2\/pages"}],"about":[{"href":"https:\/\/www.claudel.org\/en\/wp-json\/wp\/v2\/types\/page"}],"author":[{"embeddable":true,"href":"https:\/\/www.claudel.org\/en\/wp-json\/wp\/v2\/users\/1"}],"replies":[{"embeddable":true,"href":"https:\/\/www.claudel.org\/en\/wp-json\/wp\/v2\/comments?post=8795"}],"version-history":[{"count":5,"href":"https:\/\/www.claudel.org\/en\/wp-json\/wp\/v2\/pages\/8795\/revisions"}],"predecessor-version":[{"id":15478,"href":"https:\/\/www.claudel.org\/en\/wp-json\/wp\/v2\/pages\/8795\/revisions\/15478"}],"wp:attachment":[{"href":"https:\/\/www.claudel.org\/en\/wp-json\/wp\/v2\/media?parent=8795"}],"curies":[{"name":"wp","href":"https:\/\/api.w.org\/{rel}","templated":true}]}}